{"id":27,"date":"2024-07-02T22:02:12","date_gmt":"2024-07-03T01:02:12","guid":{"rendered":"https:\/\/www.rotosis.com.br\/?page_id=27"},"modified":"2024-07-08T13:53:23","modified_gmt":"2024-07-08T16:53:23","slug":"home","status":"publish","type":"page","link":"https:\/\/www.rotosis.com.br\/","title":{"rendered":"Home"},"content":{"rendered":"\t\t<div data-elementor-type=\"wp-page\" data-elementor-id=\"27\" class=\"elementor elementor-27\" data-elementor-post-type=\"page\">\n\t\t\t\t<div class=\"elementor-element elementor-element-9be4589 e-con-full elementor-hidden-desktop elementor-hidden-tablet e-flex e-con e-parent\" data-id=\"9be4589\" data-element_type=\"container\" data-e-type=\"container\" data-settings=\"{&quot;background_background&quot;:&quot;slideshow&quot;,&quot;background_slideshow_gallery&quot;:[{&quot;id&quot;:928,&quot;url&quot;:&quot;https:\\\/\\\/www.rotosis.com.br\\\/wp-content\\\/uploads\\\/2024\\\/07\\\/MASSEIRAS-MOBILE-CEL-2.png&quot;},{&quot;id&quot;:932,&quot;url&quot;:&quot;https:\\\/\\\/www.rotosis.com.br\\\/wp-content\\\/uploads\\\/2024\\\/07\\\/LIXEIRAS-1000L-MOBILE-CEL.png&quot;},{&quot;id&quot;:934,&quot;url&quot;:&quot;https:\\\/\\\/www.rotosis.com.br\\\/wp-content\\\/uploads\\\/2024\\\/07\\\/BIODIGETORES-FOSSAS-E-FILTROS-MOBILE-CEL.png&quot;},{&quot;id&quot;:936,&quot;url&quot;:&quot;https:\\\/\\\/www.rotosis.com.br\\\/wp-content\\\/uploads\\\/2024\\\/07\\\/FUNDO-CONICO-MOBILE-CEL-1.png&quot;}],&quot;background_slideshow_loop&quot;:&quot;yes&quot;,&quot;background_slideshow_slide_duration&quot;:5000,&quot;background_slideshow_slide_transition&quot;:&quot;fade&quot;,&quot;background_slideshow_transition_duration&quot;:500}\">\n\t\t\t\t<\/div>\n\t\t<div class=\"elementor-element elementor-element-3581947 e-con-full elementor-hidden-desktop elementor-hidden-mobile e-flex e-con e-parent\" data-id=\"3581947\" data-element_type=\"container\" data-e-type=\"container\" data-settings=\"{&quot;background_background&quot;:&quot;slideshow&quot;,&quot;background_slideshow_gallery&quot;:[{&quot;id&quot;:898,&quot;url&quot;:&quot;https:\\\/\\\/www.rotosis.com.br\\\/wp-content\\\/uploads\\\/2024\\\/07\\\/FUNDO-CONICO-MOBILE-2.png&quot;},{&quot;id&quot;:909,&quot;url&quot;:&quot;https:\\\/\\\/www.rotosis.com.br\\\/wp-content\\\/uploads\\\/2024\\\/07\\\/BIODIGETORES-FOSSAS-E-FILTROS-MOBILE-2.png&quot;},{&quot;id&quot;:910,&quot;url&quot;:&quot;https:\\\/\\\/www.rotosis.com.br\\\/wp-content\\\/uploads\\\/2024\\\/07\\\/LIXEIRAS-1000L-MOBILE-2.png&quot;},{&quot;id&quot;:912,&quot;url&quot;:&quot;https:\\\/\\\/www.rotosis.com.br\\\/wp-content\\\/uploads\\\/2024\\\/07\\\/MASSEIRAS-MOBILE-2-1.png&quot;}],&quot;background_slideshow_loop&quot;:&quot;yes&quot;,&quot;background_slideshow_slide_duration&quot;:5000,&quot;background_slideshow_slide_transition&quot;:&quot;fade&quot;,&quot;background_slideshow_transition_duration&quot;:500}\">\n\t\t\t\t<\/div>\n\t\t<div class=\"elementor-element elementor-element-91afabc e-con-full elementor-hidden-tablet elementor-hidden-mobile e-flex e-con e-parent\" data-id=\"91afabc\" data-element_type=\"container\" data-e-type=\"container\" data-settings=\"{&quot;background_background&quot;:&quot;slideshow&quot;,&quot;background_slideshow_gallery&quot;:[{&quot;id&quot;:709,&quot;url&quot;:&quot;https:\\\/\\\/www.rotosis.com.br\\\/wp-content\\\/uploads\\\/2024\\\/07\\\/FUNDO-CONICO-3.png&quot;},{&quot;id&quot;:708,&quot;url&quot;:&quot;https:\\\/\\\/www.rotosis.com.br\\\/wp-content\\\/uploads\\\/2024\\\/07\\\/BIODIGETORES-FOSSAS-E-FILTROS-1.png&quot;},{&quot;id&quot;:710,&quot;url&quot;:&quot;https:\\\/\\\/www.rotosis.com.br\\\/wp-content\\\/uploads\\\/2024\\\/07\\\/LIXEIRAS-1000L.png&quot;},{&quot;id&quot;:714,&quot;url&quot;:&quot;https:\\\/\\\/www.rotosis.com.br\\\/wp-content\\\/uploads\\\/2024\\\/07\\\/MASSEIRAS.png&quot;}],&quot;background_slideshow_loop&quot;:&quot;yes&quot;,&quot;background_slideshow_slide_duration&quot;:5000,&quot;background_slideshow_slide_transition&quot;:&quot;fade&quot;,&quot;background_slideshow_transition_duration&quot;:500}\">\n\t\t\t\t<\/div>\n\t\t<div class=\"elementor-element elementor-element-30b204c e-flex e-con-boxed e-con e-parent\" data-id=\"30b204c\" data-element_type=\"container\" data-e-type=\"container\">\n\t\t\t\t\t<div class=\"e-con-inner\">\n\t\t\t\t<div class=\"elementor-element elementor-element-2357938 elementor-widget elementor-widget-spacer\" data-id=\"2357938\" data-element_type=\"widget\" data-e-type=\"widget\" data-widget_type=\"spacer.default\">\n\t\t\t\t<div class=\"elementor-widget-container\">\n\t\t\t\t\t\t\t<div class=\"elementor-spacer\">\n\t\t\t<div class=\"elementor-spacer-inner\"><\/div>\n\t\t<\/div>\n\t\t\t\t\t\t<\/div>\n\t\t\t\t<\/div>\n\t\t\t\t<div class=\"elementor-element elementor-element-3081c3a elementor-widget__width-initial elementor-widget-mobile__width-initial elementor-widget elementor-widget-text-editor\" data-id=\"3081c3a\" data-element_type=\"widget\" data-e-type=\"widget\" data-widget_type=\"text-editor.default\">\n\t\t\t\t<div class=\"elementor-widget-container\">\n\t\t\t\t\t\t\t\t\t<p>Conhe\u00e7a a Rotosis e saiba mais sobre nossa miss\u00e3o e o porqu\u00ea estamos a mais de 23 anos no mercado fabricando produtos de alta qualidade no segmento de rotomoldagem.<\/p>\t\t\t\t\t\t\t\t<\/div>\n\t\t\t\t<\/div>\n\t\t\t\t<div class=\"elementor-element elementor-element-8f5b784 elementor-widget elementor-widget-spacer\" data-id=\"8f5b784\" data-element_type=\"widget\" data-e-type=\"widget\" data-widget_type=\"spacer.default\">\n\t\t\t\t<div class=\"elementor-widget-container\">\n\t\t\t\t\t\t\t<div class=\"elementor-spacer\">\n\t\t\t<div class=\"elementor-spacer-inner\"><\/div>\n\t\t<\/div>\n\t\t\t\t\t\t<\/div>\n\t\t\t\t<\/div>\n\t\t\t\t\t<\/div>\n\t\t\t\t<\/div>\n\t\t<div class=\"elementor-element elementor-element-c9606f9 e-flex e-con-boxed e-con e-parent\" data-id=\"c9606f9\" data-element_type=\"container\" data-e-type=\"container\">\n\t\t\t\t\t<div class=\"e-con-inner\">\n\t\t\t\t<div class=\"elementor-element elementor-element-120d158 elementor-widget elementor-widget-heading\" data-id=\"120d158\" data-element_type=\"widget\" data-e-type=\"widget\" data-widget_type=\"heading.default\">\n\t\t\t\t<div class=\"elementor-widget-container\">\n\t\t\t\t\t<h4 class=\"elementor-heading-title elementor-size-default\">Nossos produtos e servi\u00e7os<\/h4>\t\t\t\t<\/div>\n\t\t\t\t<\/div>\n\t\t\t\t\t<\/div>\n\t\t\t\t<\/div>\n\t\t<div class=\"elementor-element elementor-element-b981b60 e-flex e-con-boxed e-con e-parent\" data-id=\"b981b60\" data-element_type=\"container\" data-e-type=\"container\">\n\t\t\t\t\t<div class=\"e-con-inner\">\n\t\t<div class=\"elementor-element elementor-element-7c215cb e-con-full e-flex e-con e-child\" data-id=\"7c215cb\" data-element_type=\"container\" data-e-type=\"container\">\n\t\t\t\t<div class=\"elementor-element elementor-element-f54e402 elementor-widget-mobile__width-initial elementor-widget elementor-widget-heading\" data-id=\"f54e402\" data-element_type=\"widget\" data-e-type=\"widget\" data-widget_type=\"heading.default\">\n\t\t\t\t<div class=\"elementor-widget-container\">\n\t\t\t\t\t<h4 class=\"elementor-heading-title elementor-size-default\">Produtos<\/h4>\t\t\t\t<\/div>\n\t\t\t\t<\/div>\n\t\t\t\t<div class=\"elementor-element elementor-element-55c9191 elementor-widget__width-initial elementor-widget elementor-widget-text-editor\" data-id=\"55c9191\" data-element_type=\"widget\" data-e-type=\"widget\" data-widget_type=\"text-editor.default\">\n\t\t\t\t<div class=\"elementor-widget-container\">\n\t\t\t\t\t\t\t\t\t<p>A Rotosis oferece diversos produtos rotomoldados para v\u00e1rios segmentos industriais e residenciais. Fabricados com materiais de alta qualidade e tecnologia, nossos produtos garantem a m\u00e1xima resist\u00eancia e durabilidade.<\/p>\t\t\t\t\t\t\t\t<\/div>\n\t\t\t\t<\/div>\n\t\t\t\t<div class=\"elementor-element elementor-element-8bcaaec elementor-widget__width-initial elementor-mobile-align-center elementor-widget elementor-widget-button\" data-id=\"8bcaaec\" data-element_type=\"widget\" data-e-type=\"widget\" data-widget_type=\"button.default\">\n\t\t\t\t<div class=\"elementor-widget-container\">\n\t\t\t\t\t\t\t\t\t<div class=\"elementor-button-wrapper\">\n\t\t\t\t\t<a class=\"elementor-button elementor-button-link elementor-size-sm elementor-animation-grow\" href=\"https:\/\/www.rotosis.com.br\/index.php\/produtos\/\">\n\t\t\t\t\t\t<span class=\"elementor-button-content-wrapper\">\n\t\t\t\t\t\t\t\t\t<span class=\"elementor-button-text\">Ver todos os produtos<\/span>\n\t\t\t\t\t<\/span>\n\t\t\t\t\t<\/a>\n\t\t\t\t<\/div>\n\t\t\t\t\t\t\t\t<\/div>\n\t\t\t\t<\/div>\n\t\t\t\t<div class=\"elementor-element elementor-element-034a95a elementor-hidden-desktop elementor-hidden-tablet elementor-widget-divider--view-line elementor-widget elementor-widget-divider\" data-id=\"034a95a\" data-element_type=\"widget\" data-e-type=\"widget\" data-widget_type=\"divider.default\">\n\t\t\t\t<div class=\"elementor-widget-container\">\n\t\t\t\t\t\t\t<div class=\"elementor-divider\">\n\t\t\t<span class=\"elementor-divider-separator\">\n\t\t\t\t\t\t<\/span>\n\t\t<\/div>\n\t\t\t\t\t\t<\/div>\n\t\t\t\t<\/div>\n\t\t\t\t<\/div>\n\t\t<div class=\"elementor-element elementor-element-2bdc7dd e-con-full e-flex e-con e-child\" data-id=\"2bdc7dd\" data-element_type=\"container\" data-e-type=\"container\">\n\t\t\t\t<div class=\"elementor-element elementor-element-55a4272 elementor-widget-mobile__width-initial elementor-widget elementor-widget-heading\" data-id=\"55a4272\" data-element_type=\"widget\" data-e-type=\"widget\" data-widget_type=\"heading.default\">\n\t\t\t\t<div class=\"elementor-widget-container\">\n\t\t\t\t\t<h4 class=\"elementor-heading-title elementor-size-default\">Servi\u00e7os<\/h4>\t\t\t\t<\/div>\n\t\t\t\t<\/div>\n\t\t\t\t<div class=\"elementor-element elementor-element-108f010 elementor-widget__width-initial elementor-widget elementor-widget-text-editor\" data-id=\"108f010\" data-element_type=\"widget\" data-e-type=\"widget\" data-widget_type=\"text-editor.default\">\n\t\t\t\t<div class=\"elementor-widget-container\">\n\t\t\t\t\t\t\t\t\t<p>A Rotosis vai al\u00e9m da fabrica\u00e7\u00e3o de produtos rotomoldados de alta qualidade. Oferecemos tamb\u00e9m o Servi\u00e7o de Presta\u00e7\u00e3o de Rotomoldagem, ideal para empresas que desejam terceirizar a produ\u00e7\u00e3o com a garantia da expertise e tecnologia Rotosis.<\/p>\t\t\t\t\t\t\t\t<\/div>\n\t\t\t\t<\/div>\n\t\t\t\t<div class=\"elementor-element elementor-element-c9d81ea elementor-widget__width-initial elementor-mobile-align-center elementor-widget elementor-widget-button\" data-id=\"c9d81ea\" data-element_type=\"widget\" data-e-type=\"widget\" data-widget_type=\"button.default\">\n\t\t\t\t<div class=\"elementor-widget-container\">\n\t\t\t\t\t\t\t\t\t<div class=\"elementor-button-wrapper\">\n\t\t\t\t\t<a class=\"elementor-button elementor-button-link elementor-size-sm elementor-animation-grow\" href=\"https:\/\/www.rotosis.com.br\/index.php\/servicos\/\">\n\t\t\t\t\t\t<span class=\"elementor-button-content-wrapper\">\n\t\t\t\t\t\t\t\t\t<span class=\"elementor-button-text\">Ver mais sobre<\/span>\n\t\t\t\t\t<\/span>\n\t\t\t\t\t<\/a>\n\t\t\t\t<\/div>\n\t\t\t\t\t\t\t\t<\/div>\n\t\t\t\t<\/div>\n\t\t\t\t<\/div>\n\t\t\t\t\t<\/div>\n\t\t\t\t<\/div>\n\t\t<div class=\"elementor-element elementor-element-9731d12 e-flex e-con-boxed e-con e-parent\" data-id=\"9731d12\" data-element_type=\"container\" data-e-type=\"container\">\n\t\t\t\t\t<div class=\"e-con-inner\">\n\t\t\t\t<div class=\"elementor-element elementor-element-e242616 elementor-widget elementor-widget-spacer\" data-id=\"e242616\" data-element_type=\"widget\" data-e-type=\"widget\" data-widget_type=\"spacer.default\">\n\t\t\t\t<div class=\"elementor-widget-container\">\n\t\t\t\t\t\t\t<div class=\"elementor-spacer\">\n\t\t\t<div class=\"elementor-spacer-inner\"><\/div>\n\t\t<\/div>\n\t\t\t\t\t\t<\/div>\n\t\t\t\t<\/div>\n\t\t\t\t\t<\/div>\n\t\t\t\t<\/div>\n\t\t<div class=\"elementor-element elementor-element-b275096 e-flex e-con-boxed e-con e-parent\" data-id=\"b275096\" data-element_type=\"container\" data-e-type=\"container\">\n\t\t\t\t\t<div class=\"e-con-inner\">\n\t\t\t\t<div class=\"elementor-element elementor-element-bb6629c elementor-widget elementor-widget-heading\" data-id=\"bb6629c\" data-element_type=\"widget\" data-e-type=\"widget\" data-widget_type=\"heading.default\">\n\t\t\t\t<div class=\"elementor-widget-container\">\n\t\t\t\t\t<h4 class=\"elementor-heading-title elementor-size-default\">Clique e veja todos os produtos<\/h4>\t\t\t\t<\/div>\n\t\t\t\t<\/div>\n\t\t\t\t<div class=\"elementor-element elementor-element-5f9f734 elementor-arrows-position-outside elementor-pagination-position-outside elementor-widget elementor-widget-image-carousel\" data-id=\"5f9f734\" data-element_type=\"widget\" data-e-type=\"widget\" data-settings=\"{&quot;slides_to_show&quot;:&quot;4&quot;,&quot;navigation&quot;:&quot;both&quot;,&quot;autoplay&quot;:&quot;yes&quot;,&quot;pause_on_hover&quot;:&quot;yes&quot;,&quot;pause_on_interaction&quot;:&quot;yes&quot;,&quot;autoplay_speed&quot;:5000,&quot;infinite&quot;:&quot;yes&quot;,&quot;speed&quot;:500}\" data-widget_type=\"image-carousel.default\">\n\t\t\t\t<div class=\"elementor-widget-container\">\n\t\t\t\t\t\t\t<div class=\"elementor-image-carousel-wrapper swiper\" role=\"region\" aria-roledescription=\"carousel\" aria-label=\"Carrossel de imagens\" dir=\"ltr\">\n\t\t\t<div class=\"elementor-image-carousel swiper-wrapper\" aria-live=\"off\">\n\t\t\t\t\t\t\t\t<div class=\"swiper-slide\" role=\"group\" aria-roledescription=\"slide\" aria-label=\"1 de 12\"><a data-elementor-open-lightbox=\"yes\" data-elementor-lightbox-slideshow=\"5f9f734\" data-elementor-lightbox-title=\"1\" data-e-action-hash=\"#elementor-action%3Aaction%3Dlightbox%26settings%3DeyJpZCI6ODM3LCJ1cmwiOiJodHRwczpcL1wvd3d3LnJvdG9zaXMuY29tLmJyXC93cC1jb250ZW50XC91cGxvYWRzXC8yMDI0XC8wN1wvMS0xMi5wbmciLCJzbGlkZXNob3ciOiI1ZjlmNzM0In0%3D\" href=\"https:\/\/www.rotosis.com.br\/index.php\/produtos\/\"><figure class=\"swiper-slide-inner\"><img decoding=\"async\" class=\"swiper-slide-image\" src=\"https:\/\/www.rotosis.com.br\/wp-content\/uploads\/2024\/07\/1-12-300x300.png\" alt=\"1\" \/><\/figure><\/a><\/div><div class=\"swiper-slide\" role=\"group\" aria-roledescription=\"slide\" aria-label=\"2 de 12\"><a data-elementor-open-lightbox=\"yes\" data-elementor-lightbox-slideshow=\"5f9f734\" data-elementor-lightbox-title=\"1\" data-e-action-hash=\"#elementor-action%3Aaction%3Dlightbox%26settings%3DeyJpZCI6ODI1LCJ1cmwiOiJodHRwczpcL1wvd3d3LnJvdG9zaXMuY29tLmJyXC93cC1jb250ZW50XC91cGxvYWRzXC8yMDI0XC8wN1wvMS0xMC5wbmciLCJzbGlkZXNob3ciOiI1ZjlmNzM0In0%3D\" href=\"https:\/\/www.rotosis.com.br\/index.php\/produtos\/\"><figure class=\"swiper-slide-inner\"><img decoding=\"async\" class=\"swiper-slide-image\" src=\"https:\/\/www.rotosis.com.br\/wp-content\/uploads\/2024\/07\/1-10-300x300.png\" alt=\"1\" \/><\/figure><\/a><\/div><div class=\"swiper-slide\" role=\"group\" aria-roledescription=\"slide\" aria-label=\"3 de 12\"><a data-elementor-open-lightbox=\"yes\" data-elementor-lightbox-slideshow=\"5f9f734\" data-elementor-lightbox-title=\"3\" data-e-action-hash=\"#elementor-action%3Aaction%3Dlightbox%26settings%3DeyJpZCI6ODIxLCJ1cmwiOiJodHRwczpcL1wvd3d3LnJvdG9zaXMuY29tLmJyXC93cC1jb250ZW50XC91cGxvYWRzXC8yMDI0XC8wN1wvMy03LnBuZyIsInNsaWRlc2hvdyI6IjVmOWY3MzQifQ%3D%3D\" href=\"https:\/\/www.rotosis.com.br\/index.php\/produtos\/\"><figure class=\"swiper-slide-inner\"><img decoding=\"async\" class=\"swiper-slide-image\" src=\"https:\/\/www.rotosis.com.br\/wp-content\/uploads\/2024\/07\/3-7-300x300.png\" alt=\"3\" \/><\/figure><\/a><\/div><div class=\"swiper-slide\" role=\"group\" aria-roledescription=\"slide\" aria-label=\"4 de 12\"><a data-elementor-open-lightbox=\"yes\" data-elementor-lightbox-slideshow=\"5f9f734\" data-elementor-lightbox-title=\"1\" data-e-action-hash=\"#elementor-action%3Aaction%3Dlightbox%26settings%3DeyJpZCI6ODA4LCJ1cmwiOiJodHRwczpcL1wvd3d3LnJvdG9zaXMuY29tLmJyXC93cC1jb250ZW50XC91cGxvYWRzXC8yMDI0XC8wN1wvMS03LnBuZyIsInNsaWRlc2hvdyI6IjVmOWY3MzQifQ%3D%3D\" href=\"https:\/\/www.rotosis.com.br\/index.php\/produtos\/\"><figure class=\"swiper-slide-inner\"><img decoding=\"async\" class=\"swiper-slide-image\" src=\"https:\/\/www.rotosis.com.br\/wp-content\/uploads\/2024\/07\/1-7-300x300.png\" alt=\"1\" \/><\/figure><\/a><\/div><div class=\"swiper-slide\" role=\"group\" aria-roledescription=\"slide\" aria-label=\"5 de 12\"><a data-elementor-open-lightbox=\"yes\" data-elementor-lightbox-slideshow=\"5f9f734\" data-elementor-lightbox-title=\"2\" data-e-action-hash=\"#elementor-action%3Aaction%3Dlightbox%26settings%3DeyJpZCI6Nzg5LCJ1cmwiOiJodHRwczpcL1wvd3d3LnJvdG9zaXMuY29tLmJyXC93cC1jb250ZW50XC91cGxvYWRzXC8yMDI0XC8wN1wvMi00LnBuZyIsInNsaWRlc2hvdyI6IjVmOWY3MzQifQ%3D%3D\" href=\"https:\/\/www.rotosis.com.br\/index.php\/produtos\/\"><figure class=\"swiper-slide-inner\"><img decoding=\"async\" class=\"swiper-slide-image\" src=\"https:\/\/www.rotosis.com.br\/wp-content\/uploads\/2024\/07\/2-4-300x300.png\" alt=\"2\" \/><\/figure><\/a><\/div><div class=\"swiper-slide\" role=\"group\" aria-roledescription=\"slide\" aria-label=\"6 de 12\"><a data-elementor-open-lightbox=\"yes\" data-elementor-lightbox-slideshow=\"5f9f734\" data-elementor-lightbox-title=\"1\" data-e-action-hash=\"#elementor-action%3Aaction%3Dlightbox%26settings%3DeyJpZCI6NzgzLCJ1cmwiOiJodHRwczpcL1wvd3d3LnJvdG9zaXMuY29tLmJyXC93cC1jb250ZW50XC91cGxvYWRzXC8yMDI0XC8wN1wvMS00LnBuZyIsInNsaWRlc2hvdyI6IjVmOWY3MzQifQ%3D%3D\" href=\"https:\/\/www.rotosis.com.br\/index.php\/produtos\/\"><figure class=\"swiper-slide-inner\"><img decoding=\"async\" class=\"swiper-slide-image\" src=\"https:\/\/www.rotosis.com.br\/wp-content\/uploads\/2024\/07\/1-4-300x300.png\" alt=\"1\" \/><\/figure><\/a><\/div><div class=\"swiper-slide\" role=\"group\" aria-roledescription=\"slide\" aria-label=\"7 de 12\"><a data-elementor-open-lightbox=\"yes\" data-elementor-lightbox-slideshow=\"5f9f734\" data-elementor-lightbox-title=\"FUNDO CONICO 3200L\" data-e-action-hash=\"#elementor-action%3Aaction%3Dlightbox%26settings%3DeyJpZCI6NzY2LCJ1cmwiOiJodHRwczpcL1wvd3d3LnJvdG9zaXMuY29tLmJyXC93cC1jb250ZW50XC91cGxvYWRzXC8yMDI0XC8wN1wvRlVORE8tQ09OSUNPLTMyMDBMLnBuZyIsInNsaWRlc2hvdyI6IjVmOWY3MzQifQ%3D%3D\" href=\"https:\/\/www.rotosis.com.br\/index.php\/produtos\/\"><figure class=\"swiper-slide-inner\"><img decoding=\"async\" class=\"swiper-slide-image\" src=\"https:\/\/www.rotosis.com.br\/wp-content\/uploads\/2024\/07\/FUNDO-CONICO-3200L-300x300.png\" alt=\"FUNDO CONICO 3200L\" \/><\/figure><\/a><\/div><div class=\"swiper-slide\" role=\"group\" aria-roledescription=\"slide\" aria-label=\"8 de 12\"><a data-elementor-open-lightbox=\"yes\" data-elementor-lightbox-slideshow=\"5f9f734\" data-elementor-lightbox-title=\"FUNDO PLANO 15000L\" data-e-action-hash=\"#elementor-action%3Aaction%3Dlightbox%26settings%3DeyJpZCI6NzYyLCJ1cmwiOiJodHRwczpcL1wvd3d3LnJvdG9zaXMuY29tLmJyXC93cC1jb250ZW50XC91cGxvYWRzXC8yMDI0XC8wN1wvRlVORE8tUExBTk8tMTUwMDBMLnBuZyIsInNsaWRlc2hvdyI6IjVmOWY3MzQifQ%3D%3D\" href=\"https:\/\/www.rotosis.com.br\/index.php\/produtos\/\"><figure class=\"swiper-slide-inner\"><img decoding=\"async\" class=\"swiper-slide-image\" src=\"https:\/\/www.rotosis.com.br\/wp-content\/uploads\/2024\/07\/FUNDO-PLANO-15000L-300x300.png\" alt=\"FUNDO PLANO 15000L\" \/><\/figure><\/a><\/div><div class=\"swiper-slide\" role=\"group\" aria-roledescription=\"slide\" aria-label=\"9 de 12\"><a data-elementor-open-lightbox=\"yes\" data-elementor-lightbox-slideshow=\"5f9f734\" data-elementor-lightbox-title=\"6\" data-e-action-hash=\"#elementor-action%3Aaction%3Dlightbox%26settings%3DeyJpZCI6Mzg2LCJ1cmwiOiJodHRwczpcL1wvd3d3LnJvdG9zaXMuY29tLmJyXC93cC1jb250ZW50XC91cGxvYWRzXC8yMDI0XC8wN1wvNi5wbmciLCJzbGlkZXNob3ciOiI1ZjlmNzM0In0%3D\" href=\"https:\/\/www.rotosis.com.br\/index.php\/produtos\/\"><figure class=\"swiper-slide-inner\"><img decoding=\"async\" class=\"swiper-slide-image\" src=\"https:\/\/www.rotosis.com.br\/wp-content\/uploads\/2024\/07\/6-300x300.png\" alt=\"6\" \/><\/figure><\/a><\/div><div class=\"swiper-slide\" role=\"group\" aria-roledescription=\"slide\" aria-label=\"10 de 12\"><a data-elementor-open-lightbox=\"yes\" data-elementor-lightbox-slideshow=\"5f9f734\" data-elementor-lightbox-title=\"16 - BOMBAS\" data-e-action-hash=\"#elementor-action%3Aaction%3Dlightbox%26settings%3DeyJpZCI6MTY0LCJ1cmwiOiJodHRwczpcL1wvd3d3LnJvdG9zaXMuY29tLmJyXC93cC1jb250ZW50XC91cGxvYWRzXC8yMDI0XC8wN1wvMTYtQk9NQkFTLnBuZyIsInNsaWRlc2hvdyI6IjVmOWY3MzQifQ%3D%3D\" href=\"https:\/\/www.rotosis.com.br\/index.php\/produtos\/\"><figure class=\"swiper-slide-inner\"><img decoding=\"async\" class=\"swiper-slide-image\" src=\"https:\/\/www.rotosis.com.br\/wp-content\/uploads\/2024\/07\/16-BOMBAS-300x300.png\" alt=\"16 - BOMBAS\" \/><\/figure><\/a><\/div><div class=\"swiper-slide\" role=\"group\" aria-roledescription=\"slide\" aria-label=\"11 de 12\"><a data-elementor-open-lightbox=\"yes\" data-elementor-lightbox-slideshow=\"5f9f734\" data-elementor-lightbox-title=\"15 - COMANDO PECU\u00c1RIO\" data-e-action-hash=\"#elementor-action%3Aaction%3Dlightbox%26settings%3DeyJpZCI6MTYzLCJ1cmwiOiJodHRwczpcL1wvd3d3LnJvdG9zaXMuY29tLmJyXC93cC1jb250ZW50XC91cGxvYWRzXC8yMDI0XC8wN1wvMTUtQ09NQU5ETy1QRUNVQVJJTy5wbmciLCJzbGlkZXNob3ciOiI1ZjlmNzM0In0%3D\" href=\"https:\/\/www.rotosis.com.br\/index.php\/produtos\/\"><figure class=\"swiper-slide-inner\"><img decoding=\"async\" class=\"swiper-slide-image\" src=\"https:\/\/www.rotosis.com.br\/wp-content\/uploads\/2024\/07\/15-COMANDO-PECUARIO-300x300.png\" alt=\"15 - COMANDO PECU\u00c1RIO\" \/><\/figure><\/a><\/div><div class=\"swiper-slide\" role=\"group\" aria-roledescription=\"slide\" aria-label=\"12 de 12\"><a data-elementor-open-lightbox=\"yes\" data-elementor-lightbox-slideshow=\"5f9f734\" data-elementor-lightbox-title=\"1\" data-e-action-hash=\"#elementor-action%3Aaction%3Dlightbox%26settings%3DeyJpZCI6ODEzLCJ1cmwiOiJodHRwczpcL1wvd3d3LnJvdG9zaXMuY29tLmJyXC93cC1jb250ZW50XC91cGxvYWRzXC8yMDI0XC8wN1wvMS04LnBuZyIsInNsaWRlc2hvdyI6IjVmOWY3MzQifQ%3D%3D\" href=\"https:\/\/www.rotosis.com.br\/index.php\/produtos\/\"><figure class=\"swiper-slide-inner\"><img decoding=\"async\" class=\"swiper-slide-image\" src=\"https:\/\/www.rotosis.com.br\/wp-content\/uploads\/2024\/07\/1-8-300x300.png\" alt=\"1\" \/><\/figure><\/a><\/div>\t\t\t<\/div>\n\t\t\t\t\t\t\t\t\t\t\t\t<div class=\"elementor-swiper-button elementor-swiper-button-prev\" role=\"button\" tabindex=\"0\">\n\t\t\t\t\t\t<svg aria-hidden=\"true\" class=\"e-font-icon-svg e-eicon-chevron-left\" viewBox=\"0 0 1000 1000\" xmlns=\"http:\/\/www.w3.org\/2000\/svg\"><path d=\"M646 125C629 125 613 133 604 142L308 442C296 454 292 471 292 487 292 504 296 521 308 533L604 854C617 867 629 875 646 875 663 875 679 871 692 858 704 846 713 829 713 812 713 796 708 779 692 767L438 487 692 225C700 217 708 204 708 187 708 171 704 154 692 142 675 129 663 125 646 125Z\"><\/path><\/svg>\t\t\t\t\t<\/div>\n\t\t\t\t\t<div class=\"elementor-swiper-button elementor-swiper-button-next\" role=\"button\" tabindex=\"0\">\n\t\t\t\t\t\t<svg aria-hidden=\"true\" class=\"e-font-icon-svg e-eicon-chevron-right\" viewBox=\"0 0 1000 1000\" xmlns=\"http:\/\/www.w3.org\/2000\/svg\"><path d=\"M696 533C708 521 713 504 713 487 713 471 708 454 696 446L400 146C388 133 375 125 354 125 338 125 325 129 313 142 300 154 292 171 292 187 292 204 296 221 308 233L563 492 304 771C292 783 288 800 288 817 288 833 296 850 308 863 321 871 338 875 354 875 371 875 388 867 400 854L696 533Z\"><\/path><\/svg>\t\t\t\t\t<\/div>\n\t\t\t\t\n\t\t\t\t\t\t\t\t\t<div class=\"swiper-pagination\"><\/div>\n\t\t\t\t\t\t\t\t\t<\/div>\n\t\t\t\t\t\t<\/div>\n\t\t\t\t<\/div>\n\t\t\t\t\t<\/div>\n\t\t\t\t<\/div>\n\t\t<div class=\"elementor-element elementor-element-f8af37c e-flex e-con-boxed e-con e-parent\" data-id=\"f8af37c\" data-element_type=\"container\" data-e-type=\"container\">\n\t\t\t\t\t<div class=\"e-con-inner\">\n\t\t\t\t<div class=\"elementor-element elementor-element-53acc67 elementor-widget elementor-widget-spacer\" data-id=\"53acc67\" data-element_type=\"widget\" data-e-type=\"widget\" data-widget_type=\"spacer.default\">\n\t\t\t\t<div class=\"elementor-widget-container\">\n\t\t\t\t\t\t\t<div class=\"elementor-spacer\">\n\t\t\t<div class=\"elementor-spacer-inner\"><\/div>\n\t\t<\/div>\n\t\t\t\t\t\t<\/div>\n\t\t\t\t<\/div>\n\t\t\t\t\t<\/div>\n\t\t\t\t<\/div>\n\t\t\t\t<\/div>\n\t\t","protected":false},"excerpt":{"rendered":"<p>Conhe\u00e7a a Rotosis e saiba mais sobre nossa miss\u00e3o e o porqu\u00ea estamos a mais de 23 anos no mercado fabricando produtos de alta qualidade no segmento de rotomoldagem. Nossos produtos e servi\u00e7os Produtos A Rotosis oferece diversos produtos rotomoldados para v\u00e1rios segmentos industriais e residenciais. Fabricados com materiais de alta qualidade e tecnologia, nossos [&hellip;]<\/p>\n","protected":false},"author":1,"featured_media":0,"parent":0,"menu_order":0,"comment_status":"closed","ping_status":"closed","template":"elementor_header_footer","meta":{"footnotes":""},"class_list":["post-27","page","type-page","status-publish","hentry"],"_links":{"self":[{"href":"https:\/\/www.rotosis.com.br\/index.php\/wp-json\/wp\/v2\/pages\/27","targetHints":{"allow":["GET"]}}],"collection":[{"href":"https:\/\/www.rotosis.com.br\/index.php\/wp-json\/wp\/v2\/pages"}],"about":[{"href":"https:\/\/www.rotosis.com.br\/index.php\/wp-json\/wp\/v2\/types\/page"}],"author":[{"embeddable":true,"href":"https:\/\/www.rotosis.com.br\/index.php\/wp-json\/wp\/v2\/users\/1"}],"replies":[{"embeddable":true,"href":"https:\/\/www.rotosis.com.br\/index.php\/wp-json\/wp\/v2\/comments?post=27"}],"version-history":[{"count":139,"href":"https:\/\/www.rotosis.com.br\/index.php\/wp-json\/wp\/v2\/pages\/27\/revisions"}],"predecessor-version":[{"id":1104,"href":"https:\/\/www.rotosis.com.br\/index.php\/wp-json\/wp\/v2\/pages\/27\/revisions\/1104"}],"wp:attachment":[{"href":"https:\/\/www.rotosis.com.br\/index.php\/wp-json\/wp\/v2\/media?parent=27"}],"curies":[{"name":"wp","href":"https:\/\/api.w.org\/{rel}","templated":true}]}}